{"id":389,"date":"2021-10-12T10:40:28","date_gmt":"2021-10-12T10:40:28","guid":{"rendered":"http:\/\/lisakrusche.com\/?page_id=389"},"modified":"2021-10-12T11:45:46","modified_gmt":"2021-10-12T11:45:46","slug":"hoeren-2","status":"publish","type":"page","link":"http:\/\/lisakrusche.com\/?page_id=389","title":{"rendered":"H\u00d6REN"},"content":{"rendered":"\n<figure class=\"wp-block-embed is-type-rich is-provider-soundcloud wp-block-embed-soundcloud\"><div class=\"wp-block-embed__wrapper\">\n<iframe loading=\"lazy\" title=\"Heul Doch by Lisa Fred\" width=\"900\" height=\"400\" scrolling=\"no\" frameborder=\"no\" src=\"https:\/\/w.soundcloud.com\/player\/?visual=true&#038;url=https%3A%2F%2Fapi.soundcloud.com%2Ftracks%2F1137443107&#038;show_artwork=true&#038;maxheight=1000&#038;maxwidth=900\"><\/iframe>\n<\/div><figcaption><strong>HEUL DOCH<\/strong><br>Produktion: SWR 2 2019<br>Redaktion: Michael Lissek<br>Autorin: Lisa Krusche<\/figcaption><\/figure>\n\n\n\n<blockquote class=\"wp-block-quote has-text-align-center is-layout-flow wp-block-quote-is-layout-flow\"><p>&#8220;Ich weine drinnen \/ ich weine drau\u00dfen \/ ich weine im Regen \/ ich weine in der Sonne \/ ich weine in der \u00d6ffentlichkeit \/ ich weine immer, wann ich will \/ ich weine im Zug im Bus in der City \/ no shame.&#8221;<\/p><cite> Heul doch <\/cite><\/blockquote>\n\n\n\n<figure class=\"wp-block-embed is-type-rich is-provider-soundcloud wp-block-embed-soundcloud\"><div class=\"wp-block-embed__wrapper\">\n<iframe loading=\"lazy\" title=\"Hab Von Dir Getr\u00e4umt Du Hast Meinen Kaktus Abgebrochen by Lisa Fred\" width=\"900\" height=\"400\" scrolling=\"no\" frameborder=\"no\" src=\"https:\/\/w.soundcloud.com\/player\/?visual=true&#038;url=https%3A%2F%2Fapi.soundcloud.com%2Ftracks%2F1137439750&#038;show_artwork=true&#038;maxheight=1000&#038;maxwidth=900\"><\/iframe>\n<\/div><figcaption><strong>Hab von dir getr\u00e4umt, du hast meinen Kaktus abgebrochen<\/strong><br>Autorin: Lisa Krusche<br>Redaktion: Michael Lissek<br>Regie: Iris Dr\u00f6gekamp<br>Produktion: SWR 2020<\/figcaption><\/figure>\n\n\n\n<blockquote class=\"wp-block-quote has-text-align-center is-layout-flow wp-block-quote-is-layout-flow\"><p>&#8220;Das h\u00f6chste Ideal der romantischen Liebe ist nach wie vor die\u202fheterosexuelle, monogame, romantische Beziehung, die in eine dauerhafte Ehe m\u00fcndet\u201c, schreibt Laurie Penny. Aber was, wenn dieser Liebesbegriff viel zu klein ist?<\/p><cite> Hab von dir getr\u00e4umt du meinen Katkus abgebrochen<\/cite><\/blockquote>\n\n\n\n<figure class=\"wp-block-embed is-type-rich is-provider-soundcloud wp-block-embed-soundcloud\"><div class=\"wp-block-embed__wrapper\">\n<iframe loading=\"lazy\" title=\"Glitzernde Wildnis - Wie ich dem Ruf der Meerjungfrauen folgte by Lisa Fred\" width=\"900\" height=\"400\" scrolling=\"no\" frameborder=\"no\" src=\"https:\/\/w.soundcloud.com\/player\/?visual=true&#038;url=https%3A%2F%2Fapi.soundcloud.com%2Ftracks%2F1140347584&#038;show_artwork=true&#038;maxheight=1000&#038;maxwidth=900\"><\/iframe>\n<\/div><\/figure>\n\n\n\n<blockquote class=\"wp-block-quote has-text-align-center is-layout-flow wp-block-quote-is-layout-flow\"><p>Die Meerjungfrau ist eine Figur, die in der Lage ist, Gegens\u00e4tze aufzul\u00f6sen. Sie l\u00e4dt dazu ein, \u00fcberkommene Kategorien und Bewertungsma\u00dfst\u00e4be beiseitezulegen. Eine Seinsform, die vor Herrschaftsstrukturen flieht und sich gegen die so genannte &#8220;normale Menschheit&#8221; positioniert. Eine Form der St\u00f6rung, ein Modus des Nichtwissens, eine widerst\u00e4ndige Ontologie, eine Fantasie des Lebens jenseits des Menschen. <\/p><cite>Glitzernde Wildnis. Wie ich dem Ruf der Meerjungfrauen folgte <\/cite><\/blockquote>\n\n\n\n<p><\/p>\n","protected":false},"excerpt":{"rendered":"<p>&#8220;Ich weine drinnen \/ ich weine drau\u00dfen \/ ich weine im Regen \/ ich weine in der Sonne \/ ich weine in der&hellip;<\/p>\n","protected":false},"author":1,"featured_media":0,"parent":0,"menu_order":0,"comment_status":"closed","ping_status":"closed","template":"","meta":{"_vp_format_video_url":"","_vp_image_focal_point":[],"footnotes":""},"jetpack_sharing_enabled":true,"_links":{"self":[{"href":"http:\/\/lisakrusche.com\/index.php?rest_route=\/wp\/v2\/pages\/389"}],"collection":[{"href":"http:\/\/lisakrusche.com\/index.php?rest_route=\/wp\/v2\/pages"}],"about":[{"href":"http:\/\/lisakrusche.com\/index.php?rest_route=\/wp\/v2\/types\/page"}],"author":[{"embeddable":true,"href":"http:\/\/lisakrusche.com\/index.php?rest_route=\/wp\/v2\/users\/1"}],"replies":[{"embeddable":true,"href":"http:\/\/lisakrusche.com\/index.php?rest_route=%2Fwp%2Fv2%2Fcomments&post=389"}],"version-history":[{"count":4,"href":"http:\/\/lisakrusche.com\/index.php?rest_route=\/wp\/v2\/pages\/389\/revisions"}],"predecessor-version":[{"id":396,"href":"http:\/\/lisakrusche.com\/index.php?rest_route=\/wp\/v2\/pages\/389\/revisions\/396"}],"wp:attachment":[{"href":"http:\/\/lisakrusche.com\/index.php?rest_route=%2Fwp%2Fv2%2Fmedia&parent=389"}],"curies":[{"name":"wp","href":"https:\/\/api.w.org\/{rel}","templated":true}]}}