{"id":320,"date":"2021-02-28T13:19:55","date_gmt":"2021-02-28T13:19:55","guid":{"rendered":"http:\/\/lisakrusche.com\/?page_id=320"},"modified":"2024-05-09T07:11:28","modified_gmt":"2024-05-09T07:11:28","slug":"unsere-anarchistischen-herzen","status":"publish","type":"page","link":"https:\/\/lisakrusche.com\/","title":{"rendered":"Romane"},"content":{"rendered":"\n<h1 class=\"wp-block-heading has-text-align-center\">Wie der seltsamste Traum<\/h1>\n\n\n\n<p class=\"has-text-align-center\"><strong><a href=\"https:\/\/www.beltz.de\/kinderbuch_jugendbuch\/produkte\/details\/53009-wie-der-seltsamste-traum.html\" data-type=\"link\" data-id=\"https:\/\/www.beltz.de\/kinderbuch_jugendbuch\/produkte\/details\/53009-wie-der-seltsamste-traum.html\">Hier Roman bestellen <\/a><\/strong><\/p>\n\n\n\n<div class=\"wp-block-media-text is-stacked-on-mobile\"><figure class=\"wp-block-media-text__media\"><img loading=\"lazy\" decoding=\"async\" width=\"672\" height=\"1024\" src=\"https:\/\/lisakrusche.com\/wp-content\/uploads\/2024\/05\/9783407759382-1-672x1024.jpg\" alt=\"\" class=\"wp-image-562 size-full\" srcset=\"https:\/\/lisakrusche.com\/wp-content\/uploads\/2024\/05\/9783407759382-1-672x1024.jpg 672w, https:\/\/lisakrusche.com\/wp-content\/uploads\/2024\/05\/9783407759382-1-197x300.jpg 197w, https:\/\/lisakrusche.com\/wp-content\/uploads\/2024\/05\/9783407759382-1-768x1171.jpg 768w, https:\/\/lisakrusche.com\/wp-content\/uploads\/2024\/05\/9783407759382-1-500x762.jpg 500w, https:\/\/lisakrusche.com\/wp-content\/uploads\/2024\/05\/9783407759382-1-800x1220.jpg 800w, https:\/\/lisakrusche.com\/wp-content\/uploads\/2024\/05\/9783407759382-1-452x690.jpg 452w, https:\/\/lisakrusche.com\/wp-content\/uploads\/2024\/05\/9783407759382-1.jpg 945w\" sizes=\"(max-width: 672px) 100vw, 672px\" \/><\/figure><div class=\"wp-block-media-text__content\">\n<p>Auf einmal ist Pauli weg. In den Hut gefallen, behauptet Eliot. Was wei\u00df der komische Vogel schon, denkt sich Pola. Doch Pauli f\u00e4llt und zerrei\u00dft den Himmel einer unbekannten Welt, in der alle Wesen in Harmonie miteinander leben, ohne ausgrenzende Zuschreibungen. Ungl\u00fccklicherweise st\u00f6rt Pauli den Frieden massiv. In ihrer alten Welt tun sich Eliot und Pola gezwungenerma\u00dfen zusammen, irgendjemand muss Pauli ja schlie\u00dflich zur\u00fcckholen. Und die Erwachsenen sind es nicht. Also: Wie zur H\u00f6lle holt man jemanden aus einem Hut?<br>Eine mutige literarische Expedition einer ausgezeichneten Autorin &#8211; f\u00fcr alle, die Sprache und ausgefallene Geschichten lieben.<\/p>\n<\/div><\/div>\n\n\n\n<h1 class=\"wp-block-heading has-text-align-center\"><strong>Das Universum ist verdammt gro\u00df und super mystisch<\/strong><\/h1>\n\n\n\n<p class=\"has-text-align-center\"><strong><a href=\"https:\/\/www.genialokal.de\/Produkt\/Lisa-Krusche\/Das-Universum-ist-verdammt-gross-und-supermystisch_lid_44612580.html\" target=\"_blank\" rel=\"noreferrer noopener\">Hier Roman bestellen<\/a><\/strong><\/p>\n\n\n\n<div class=\"wp-block-media-text alignfull has-media-on-the-right is-stacked-on-mobile alignwide\"><div class=\"wp-block-media-text__content\">\n<p>Gustav spricht nicht mehr. So lange, bis seine Mutter &#8220;den Mann&#8221; aufgibt, der eh bald wieder weg sein wird. Charles kratzt Gustavs Stummheit nicht, sie will mit ihm losziehen, um seinen Vater zu finden. Und Gustavs Opa kommt mit auf die Reise, die sie quer durch Europa f\u00fchrt, von Berlin bis nach Istanbul. Und w\u00e4hrend Gustav immer wieder zweifelt, ist Charles \u00fcberzeugt von der supermystischen Kraft des Universums und dass am Ende alles gut werden kann.<\/p>\n\n\n\n<p><a href=\"https:\/\/www.beltz.de\/kinder_jugendbuch\/produkte\/produkt_produktdetails\/46474-das_universum_ist_verdammt_gross_und_supermystisch.html\" target=\"_blank\" rel=\"noreferrer noopener\">Mehr auf der Verlagsseite von Beltz<\/a><\/p>\n<\/div><figure class=\"wp-block-media-text__media\"><img loading=\"lazy\" decoding=\"async\" width=\"730\" height=\"1024\" src=\"http:\/\/lisakrusche.com\/wp-content\/uploads\/2021\/06\/9783407756008-730x1024.jpg\" alt=\"\" class=\"wp-image-366 size-full\" srcset=\"https:\/\/lisakrusche.com\/wp-content\/uploads\/2021\/06\/9783407756008-730x1024.jpg 730w, https:\/\/lisakrusche.com\/wp-content\/uploads\/2021\/06\/9783407756008-214x300.jpg 214w, https:\/\/lisakrusche.com\/wp-content\/uploads\/2021\/06\/9783407756008-768x1078.jpg 768w, https:\/\/lisakrusche.com\/wp-content\/uploads\/2021\/06\/9783407756008-492x690.jpg 492w, https:\/\/lisakrusche.com\/wp-content\/uploads\/2021\/06\/9783407756008.jpg 945w\" sizes=\"(max-width: 730px) 100vw, 730px\" \/><\/figure><\/div>\n\n\n\n<p><\/p>\n\n\n\n<h1 class=\"wp-block-heading has-text-align-center\"><strong>Unsere anarchistischen Herzen<\/strong><\/h1>\n\n\n\n<p class=\"has-text-align-center\"><strong><span class=\"has-inline-color has-dark-color\"><a href=\"https:\/\/www.genialokal.de\/Produkt\/Lisa-Krusche\/Unsere-anarchistischen-Herzen_lid_43894496.html\">HIER ROMAN BESTELLEN<\/a><\/span><\/strong><\/p>\n\n\n\n<div class=\"wp-block-media-text alignfull is-stacked-on-mobile alignwide\"><figure class=\"wp-block-media-text__media\"><img loading=\"lazy\" decoding=\"async\" width=\"627\" height=\"1024\" src=\"http:\/\/lisakrusche.com\/wp-content\/uploads\/2021\/02\/cover-1-627x1024.jpg\" alt=\"\" class=\"wp-image-329 size-full\" srcset=\"https:\/\/lisakrusche.com\/wp-content\/uploads\/2021\/02\/cover-1-627x1024.jpg 627w, https:\/\/lisakrusche.com\/wp-content\/uploads\/2021\/02\/cover-1-184x300.jpg 184w, https:\/\/lisakrusche.com\/wp-content\/uploads\/2021\/02\/cover-1-768x1254.jpg 768w, https:\/\/lisakrusche.com\/wp-content\/uploads\/2021\/02\/cover-1-941x1536.jpg 941w, https:\/\/lisakrusche.com\/wp-content\/uploads\/2021\/02\/cover-1-1254x2048.jpg 1254w, https:\/\/lisakrusche.com\/wp-content\/uploads\/2021\/02\/cover-1-423x690.jpg 423w, https:\/\/lisakrusche.com\/wp-content\/uploads\/2021\/02\/cover-1-1320x2156.jpg 1320w, https:\/\/lisakrusche.com\/wp-content\/uploads\/2021\/02\/cover-1-scaled.jpg 1568w\" sizes=\"(max-width: 627px) 100vw, 627px\" \/><\/figure><div class=\"wp-block-media-text__content\">\n<p class=\"has-small-font-size\">Zwei junge Frauen: Charles und Gwen. Charles muss mit ihren Post-Hippie-Eltern aufs Land ziehen und will da unter keinen Umst\u00e4nden hin. Auf einen Kiosk, eine Palme und das Internet ist zum Gl\u00fcck noch Verlass. Und Gwen? Sie wohnt ganz in der N\u00e4he und f\u00fchrt dort unbemerkt ein wildes, schmutziges Leben, um dem Wohlstand ihrer Eltern zu entkommen. Das Geld, das sie den Jungs aus der Tasche zieht, w\u00e4hrend sie mit ihnen schl\u00e4ft, spendet sie. Dass die beiden sich kennenlernen, ist definitiv \u00fcberf\u00e4llig.<\/p>\n\n\n\n<p class=\"has-small-font-size\">Lisa Krusche erz\u00e4hlt in ihrem Deb\u00fctroman \u00bbUnsere anarchistischen Herzen\u00ab von den Zumutungen des gegenw\u00e4rtigen Lebens. Wie soll man eigentlich rebellieren, wenn sich alles schon verloren anf\u00fchlt? Was einem bleibt, ist die Freundschaft. Und die entwickelt eine explosive Kraft.<\/p>\n\n\n\n<p class=\"has-small-font-size\">\u00bbLisa Krusche beseelt alles durch ihre starksehnig poetische und quecksilbrig mischfreudige Sprache, und ihr endloser Einfallsreichtum zeigt mir \u2013 und den meisten anderen Dichtern deutscher Sprache \u2013 wie steinalt und roboterhaft wir inzwischen geworden sind.\u00ab<br>Clemens J. Setz<\/p>\n\n\n\n<p class=\"has-small-font-size\">\u00bbLisa Krusche entwirft ein phantastisches Panorama &#8230; \u00dcberzeugend in den literarischen Mitteln und eminent politisch.\u00ab<br>Klaus Kastberger, Jurymitglied Bachmann Wettbewerb<\/p>\n<\/div><\/div>\n\n\n\n<p class=\"has-larger-font-size\"><a rel=\"noreferrer noopener\" href=\"https:\/\/www.fischerverlage.de\/buch\/lisa-krusche-unsere-anarchistischen-herzen-9783103970517\" target=\"_blank\">Mehr auf der Verlagsseite von S. Fische<\/a>r<\/p>\n\n\n\n<figure class=\"wp-block-embed alignwide is-type-video is-provider-youtube wp-block-embed-youtube wp-embed-aspect-16-9 wp-has-aspect-ratio\"><div class=\"wp-block-embed__wrapper\">\n<iframe loading=\"lazy\" title=\"\u00bbUnsere anarchistischen Herzen\u00ab Lisa Krusche, Trailer 1\" width=\"900\" height=\"506\" src=\"https:\/\/www.youtube.com\/embed\/-JwUf_BGHC4?feature=oembed\" frameborder=\"0\" allow=\"accelerometer; autoplay; clipboard-write; encrypted-media; gyroscope; picture-in-picture; web-share\" referrerpolicy=\"strict-origin-when-cross-origin\" allowfullscreen><\/iframe>\n<\/div><\/figure>\n\n\n\n<figure class=\"wp-block-embed alignwide is-type-video is-provider-youtube wp-block-embed-youtube wp-embed-aspect-16-9 wp-has-aspect-ratio\"><div class=\"wp-block-embed__wrapper\">\n<iframe loading=\"lazy\" title=\"\u00bbUnsere anarchistischen Herzen\u00ab Lisa Krusche, Trailer 2\" width=\"900\" height=\"506\" src=\"https:\/\/www.youtube.com\/embed\/IW_-fcK2N24?feature=oembed\" frameborder=\"0\" allow=\"accelerometer; autoplay; clipboard-write; encrypted-media; gyroscope; picture-in-picture; web-share\" referrerpolicy=\"strict-origin-when-cross-origin\" allowfullscreen><\/iframe>\n<\/div><\/figure>\n\n\n\n<div class=\"wp-block-columns alignwide is-not-stacked-on-mobile is-layout-flex wp-container-core-columns-is-layout-1 wp-block-columns-is-layout-flex\">\n<div class=\"wp-block-column is-layout-flow wp-block-column-is-layout-flow\"><\/div>\n<\/div>\n","protected":false},"excerpt":{"rendered":"<p>Wie der seltsamste Traum Hier Roman bestellen Auf einmal ist Pauli weg. In den Hut gefallen, behauptet Eliot. Was wei\u00df der komische Vogel&hellip;<\/p>\n","protected":false},"author":1,"featured_media":0,"parent":0,"menu_order":0,"comment_status":"closed","ping_status":"closed","template":"","meta":{"_vp_format_video_url":"","_vp_image_focal_point":[],"footnotes":""},"jetpack_sharing_enabled":true,"_links":{"self":[{"href":"https:\/\/lisakrusche.com\/index.php?rest_route=\/wp\/v2\/pages\/320"}],"collection":[{"href":"https:\/\/lisakrusche.com\/index.php?rest_route=\/wp\/v2\/pages"}],"about":[{"href":"https:\/\/lisakrusche.com\/index.php?rest_route=\/wp\/v2\/types\/page"}],"author":[{"embeddable":true,"href":"https:\/\/lisakrusche.com\/index.php?rest_route=\/wp\/v2\/users\/1"}],"replies":[{"embeddable":true,"href":"https:\/\/lisakrusche.com\/index.php?rest_route=%2Fwp%2Fv2%2Fcomments&post=320"}],"version-history":[{"count":32,"href":"https:\/\/lisakrusche.com\/index.php?rest_route=\/wp\/v2\/pages\/320\/revisions"}],"predecessor-version":[{"id":563,"href":"https:\/\/lisakrusche.com\/index.php?rest_route=\/wp\/v2\/pages\/320\/revisions\/563"}],"wp:attachment":[{"href":"https:\/\/lisakrusche.com\/index.php?rest_route=%2Fwp%2Fv2%2Fmedia&parent=320"}],"curies":[{"name":"wp","href":"https:\/\/api.w.org\/{rel}","templated":true}]}}